{"id":43,"date":"2015-10-11T08:26:56","date_gmt":"2015-10-11T06:26:56","guid":{"rendered":"http:\/\/diamentyrynku.pl\/?page_id=43"},"modified":"2016-01-08T17:53:11","modified_gmt":"2016-01-08T16:53:11","slug":"wspolpraca","status":"publish","type":"page","link":"https:\/\/diamentyrynku.pl\/index.php\/wspolpraca\/","title":{"rendered":"Wsp\u00f3\u0142praca"},"content":{"rendered":"<p style=\"text-align: center;\">\u00a0\u00a0<em><strong>\u00a0\u00a0 Dlaczego warto ze mn\u0105 wsp\u00f3\u0142pracowa\u0107?<\/strong><\/em><\/p>\n<p>Diamenty Rynku to blog dla ludzi, poszukuj\u0105cych ciekawych warto\u015bciowych produkt\u00f3w na rynku, dzi\u0119ki kt\u00f3rym nie tylko b\u0119d\u0105 wygl\u0105da\u0107 ale tak\u017ce czu\u0107 si\u0119 \u015bwietnie. Wa\u017cne jest aby \u015bwiadomie i w spos\u00f3b przemy\u015blany dokonywa\u0107 zakup\u00f3w, bo tylko wtedy przedmioty mog\u0105 nas cieszy\u0107.<\/p>\n<p>Je\u015bli chcieliby Pa\u0144stwo abym przetestowa\u0142a Wasze produkty i wystawi\u0142a rzeteln\u0105 opini\u0119 zapraszam serdecznie. Dok\u0142adnie wybieram firmy, z kt\u00f3rymi wsp\u00f3\u0142pracuj\u0119, ale z przyjemno\u015bci\u0105 rozwa\u017c\u0119 ka\u017cd\u0105 propozycj\u0119. Ka\u017cdy produkt poddaj\u0119 rzetelnym testom i uczciwej ocenie.<\/p>\n<p style=\"text-align: center;\">Mo\u017cliwe formy wsp\u00f3\u0142pracy to:<\/p>\n<ul>\n<li style=\"text-align: center;\">recenzje i prezentacje<\/li>\n<li style=\"text-align: center;\">udzia\u0142 w kampaniach specjalnych<\/li>\n<li style=\"text-align: center;\">pisanie artyku\u0142\u00f3w na temat makija\u017cu i piel\u0119gnacji<\/li>\n<li style=\"text-align: center;\">organizowanie konkurs\u00f3w<\/li>\n<li style=\"text-align: center;\">banery reklamowe i linki <b> <\/b><\/li>\n<\/ul>\n<p style=\"text-align: center;\"><em><strong>Serdecznie zapraszam do wsp\u00f3\u0142pracy!<\/strong><\/em><\/p>\n","protected":false},"excerpt":{"rendered":"<p>\u00a0\u00a0\u00a0\u00a0 Dlaczego warto ze mn\u0105 wsp\u00f3\u0142pracowa\u0107? Diamenty Rynku to blog dla ludzi, poszukuj\u0105cych ciekawych warto\u015bciowych produkt\u00f3w na rynku, dzi\u0119ki kt\u00f3rym nie tylko b\u0119d\u0105 wygl\u0105da\u0107 ale tak\u017ce czu\u0107 si\u0119 \u015bwietnie. Wa\u017cne jest aby \u015bwiadomie i w spos\u00f3b przemy\u015blany dokonywa\u0107 zakup\u00f3w, bo tylko wtedy przedmioty mog\u0105 nas cieszy\u0107. Je\u015bli chcieliby Pa\u0144stwo abym przetestowa\u0142a Wasze produkty i wystawi\u0142a &#8230; <span class=\"more\"><a class=\"more-link\" href=\"https:\/\/diamentyrynku.pl\/index.php\/wspolpraca\/\">[Czytaj wi\u0119cej&#8230;]<\/a><\/span><\/p>\n","protected":false},"author":1,"featured_media":0,"parent":0,"menu_order":2,"comment_status":"closed","ping_status":"closed","template":"","meta":[],"_links":{"self":[{"href":"https:\/\/diamentyrynku.pl\/index.php\/wp-json\/wp\/v2\/pages\/43"}],"collection":[{"href":"https:\/\/diamentyrynku.pl\/index.php\/wp-json\/wp\/v2\/pages"}],"about":[{"href":"https:\/\/diamentyrynku.pl\/index.php\/wp-json\/wp\/v2\/types\/page"}],"author":[{"embeddable":true,"href":"https:\/\/diamentyrynku.pl\/index.php\/wp-json\/wp\/v2\/users\/1"}],"replies":[{"embeddable":true,"href":"https:\/\/diamentyrynku.pl\/index.php\/wp-json\/wp\/v2\/comments?post=43"}],"version-history":[{"count":7,"href":"https:\/\/diamentyrynku.pl\/index.php\/wp-json\/wp\/v2\/pages\/43\/revisions"}],"predecessor-version":[{"id":313,"href":"https:\/\/diamentyrynku.pl\/index.php\/wp-json\/wp\/v2\/pages\/43\/revisions\/313"}],"wp:attachment":[{"href":"https:\/\/diamentyrynku.pl\/index.php\/wp-json\/wp\/v2\/media?parent=43"}],"curies":[{"name":"wp","href":"https:\/\/api.w.org\/{rel}","templated":true}]}}