{"id":49,"date":"2015-10-11T08:28:47","date_gmt":"2015-10-11T06:28:47","guid":{"rendered":"http:\/\/diamentyrynku.pl\/?page_id=49"},"modified":"2016-01-08T18:12:04","modified_gmt":"2016-01-08T17:12:04","slug":"firmy-kosmetyczne","status":"publish","type":"page","link":"https:\/\/diamentyrynku.pl\/index.php\/ciekawe-strony\/firmy-kosmetyczne\/","title":{"rendered":"Firmy kosmetyczne"},"content":{"rendered":"<h3 style=\"text-align: center;\"><span style=\"color: #333399;\"><strong>Dr Irena Eris, ProVoke\u00a0<\/strong><\/span><\/h3>\n<p style=\"text-align: center;\">Kosmetyki do makija\u017cu \u0142\u0105cz\u0105ce w sobie luksus, naturalno\u015b\u0107, wysok\u0105 jako\u015b\u0107. Niespotykana harmonia piel\u0119gnacyjnego makija\u017cu. Dla mnie synonim pi\u0119kna Polek.<\/p>\n<p style=\"text-align: center;\"><em><span style=\"color: #333333;\"><a style=\"color: #333333;\" href=\"http:\/\/kosmetyki.drirenaeris.com\/pl\/makijaz-provoke\">http:\/\/kosmetyki.drirenaeris.com\/pl\/makijaz-provoke<\/a><\/span><br \/>\n<\/em><\/p>\n<h3 style=\"text-align: center;\"><\/h3>\n<p>&nbsp;<\/p>\n<h3 style=\"text-align: center;\"><span style=\"color: #333399;\"><strong>Dr. Hauschka<\/strong><\/span><\/h3>\n<p style=\"text-align: center;\">Kosmetyki, kt\u00f3re nie zawieraj\u0105 \u017cadnych syntetycznych substancji konserwuj\u0105cych, barwi\u0105cych ani zapachowych, wolne od paraben\u00f3w, olej\u00f3w mineralnych, silikon\u00f3w oraz glikoli polietylenowych PEG. S\u0105 opatrzone znakiem jako\u015bci BDIH &#8220;Kontrolowany kosmetyk naturalny&#8221;. Asortyment sk\u0142ada si\u0119 z ponad 130 r\u00f3\u017cnych produkt\u00f3w do piel\u0119gnacji twarzy i cia\u0142a, a tak\u017ce z kosmetyk\u00f3w do makija\u017cu.<\/p>\n<p style=\"text-align: center;\"><span style=\"color: #333333;\"><em><a style=\"color: #333333;\" href=\"http:\/\/www.drhauschka.info.pl\/\">http:\/\/www.drhauschka.info.pl\/<\/a><\/em><\/span><span style=\"color: #333333;\"><em><strong><br \/>\n<\/strong><\/em><\/span><\/p>\n","protected":false},"excerpt":{"rendered":"<p>Dr Irena Eris, ProVoke\u00a0 Kosmetyki do makija\u017cu \u0142\u0105cz\u0105ce w sobie luksus, naturalno\u015b\u0107, wysok\u0105 jako\u015b\u0107. Niespotykana harmonia piel\u0119gnacyjnego makija\u017cu. Dla mnie synonim pi\u0119kna Polek. http:\/\/kosmetyki.drirenaeris.com\/pl\/makijaz-provoke &nbsp; Dr. Hauschka Kosmetyki, kt\u00f3re nie zawieraj\u0105 \u017cadnych syntetycznych substancji konserwuj\u0105cych, barwi\u0105cych ani zapachowych, wolne od paraben\u00f3w, olej\u00f3w mineralnych, silikon\u00f3w oraz glikoli polietylenowych PEG. S\u0105 opatrzone znakiem jako\u015bci BDIH &#8220;Kontrolowany kosmetyk &#8230; <span class=\"more\"><a class=\"more-link\" href=\"https:\/\/diamentyrynku.pl\/index.php\/ciekawe-strony\/firmy-kosmetyczne\/\">[Czytaj wi\u0119cej&#8230;]<\/a><\/span><\/p>\n","protected":false},"author":1,"featured_media":0,"parent":47,"menu_order":0,"comment_status":"closed","ping_status":"closed","template":"","meta":[],"_links":{"self":[{"href":"https:\/\/diamentyrynku.pl\/index.php\/wp-json\/wp\/v2\/pages\/49"}],"collection":[{"href":"https:\/\/diamentyrynku.pl\/index.php\/wp-json\/wp\/v2\/pages"}],"about":[{"href":"https:\/\/diamentyrynku.pl\/index.php\/wp-json\/wp\/v2\/types\/page"}],"author":[{"embeddable":true,"href":"https:\/\/diamentyrynku.pl\/index.php\/wp-json\/wp\/v2\/users\/1"}],"replies":[{"embeddable":true,"href":"https:\/\/diamentyrynku.pl\/index.php\/wp-json\/wp\/v2\/comments?post=49"}],"version-history":[{"count":12,"href":"https:\/\/diamentyrynku.pl\/index.php\/wp-json\/wp\/v2\/pages\/49\/revisions"}],"predecessor-version":[{"id":324,"href":"https:\/\/diamentyrynku.pl\/index.php\/wp-json\/wp\/v2\/pages\/49\/revisions\/324"}],"up":[{"embeddable":true,"href":"https:\/\/diamentyrynku.pl\/index.php\/wp-json\/wp\/v2\/pages\/47"}],"wp:attachment":[{"href":"https:\/\/diamentyrynku.pl\/index.php\/wp-json\/wp\/v2\/media?parent=49"}],"curies":[{"name":"wp","href":"https:\/\/api.w.org\/{rel}","templated":true}]}}